{"id":2423,"date":"2021-12-14T17:50:08","date_gmt":"2021-12-14T17:50:08","guid":{"rendered":"http:\/\/quasepedagogico.com.br\/site2\/?page_id=2423"},"modified":"2021-12-14T17:50:10","modified_gmt":"2021-12-14T17:50:10","slug":"formatura","status":"publish","type":"page","link":"https:\/\/quasepedagogico.com.br\/site2\/formatura\/","title":{"rendered":"Formatura"},"content":{"rendered":"<p>Minha formatura foi maravilhosa!<\/p>\n<p>Meus filhos, nora e netos foram \u00e0 cerim\u00f4nia e, alegremente pulavam e acenavam para mim! Adorei tudo! Todos tiramos fotos , eu de beca e capelo. Chamei um fot\u00f3grafo profissional. Fot\u00f3grafos t\u00eam um tipo de filtro, sei l\u00e1 ! A gente fica \u00f3tima!<\/p>\n<p>Eu era a \u00fanica da minha classe a se formar agora, portanto n\u00e3o conhecia ningu\u00e9m. Fiquei junto com a turma de Pedagogia do Campus Centro e me colocaram numa fila em ordem alfab\u00e9tica, entre o Rafael e a Rita. Foi muito interessante: o Rafael usava um len\u00e7o na cabe\u00e7a, prendendo um rabo-de-cavalo, tinha uma barbicha fininha e os olhos pintados. Ele era bonito, a cara do Johnny Depp. A Rita era bem simp\u00e1tica, 40 anos e gr\u00e1vida. Eu s\u00f3 percebi essa condi\u00e7\u00e3o quando ela tirou a beca. Eu s\u00f3 tinha notado a altura do salto, alt\u00edssimo.<\/p>\n<p>A cerim\u00f4nia foi agrad\u00e1vel, pois n\u00e3o teve muita fala\u00e7\u00e3o. Falou o reitor, bem bacana. Falou um professor representando todos os professores, bem fraquinho ,nem lembro o nome. E para minha surpresa, a representante dos alunos, que era uma mo\u00e7a da Administra\u00e7\u00e3o ONLINE!! Ela mesma falou que n\u00e3o conhecia ningu\u00e9m, pois nunca tinha visto nenhum colega. O Rafael, a Renata e a Rita acharam o fim da picada. O discurso at\u00e9 que foi bom, e ela falou muito bem, sem ler, ali\u00e1s. No final ela avisou que ia fazer uma cita\u00e7\u00e3o de uma pessoa maravilhosa. Levei o maior susto: ela citou Walt Disney!!! Tenha santa paci\u00eancia!<\/p>\n<p>Acabada a cerim\u00f4nia, fui para o Joakin\u2019s, onde ia ser a comemora\u00e7\u00e3o com meus convidados especiais: as crian\u00e7as que me ajudaram a tirar notas boas na faculdade, que participaram de exerc\u00edcios, trabalhos e passeios, que foram amigos generosos, durante quatro anos .<\/p>\n<p>Quando cheguei , a festa j\u00e1 corria solta. Foi uma alegria , ainda mais que eu tinha levado capelos coloridos ,de E.V.A. Amaram os capelos e todos pegaram um. Algumas crian\u00e7as que estavam na lanchonete, ficaram com aquele olharzinho comprido. Eu tinha feito alguns a mais, assim todas as crian\u00e7as ganharam seu brinde . Todos j\u00e1 estavam servidos de milk-shake, cheeseburger e batata frita. Brincavam entre eles e pintavam figuras. Alguns jogavam \u201cPerfil\u201d.<\/p>\n<p>Os convidados vieram com acompanhantes. Seria dif\u00edcil virem dirigindo! As m\u00e3es tiravam muitas fotos, tanto que eu nem me preocupei com isso. Depois, poderiam postar para mim. Foi tudo muito bonito e alegre, daquele tipo de alegria que dura v\u00e1rios dias no cora\u00e7\u00e3o (piegas , mas verdadeiro).<\/p>\n<p>A festa acabou, todo mundo feliz, de barriguinha cheia e esp\u00edrito leve.<\/p>\n<p>Fiquei esperando receber as fotos. Chegaram dez minutos depois . Levei um susto: as fotos eram absolutamente exclusivas, exclusivas no sentido de ser uma foto para cada crian\u00e7a! O ambiente, as outras crian\u00e7as que estavam ali, a del\u00edcia do card\u00e1pio n\u00e3o importaram, n\u00e3o fizeram parte do cen\u00e1rio! E o mais incr\u00edvel : n\u00e3o sa\u00ed em nenhuma fotografia, com meus amigos,na minha festa de formatura, ! Ah! Sa\u00ed sim, numa em que duas crian\u00e7as baixinhas estavam \u00e0 minha frente. S\u00f3 me reconheci pela cor da blusa, pois minha cabe\u00e7a foi cortada! Fui decepada pela \u201cKodak\u201d. Triste! Alguns de n\u00f3s vive num pequeno mundo particular , onde s\u00f3 existe seu mundo, no qual n\u00e3o cabem amigos, comida gostosa ou mesmo pessoas queridas.<\/p>\n<p>Ainda bem que o fot\u00f3grafo profissional tirou muitas fotos , eu de beca e capelo, com minha fam\u00edlia e ainda mais com um plus do \u201cPhotoshop\u201d!<\/p>\n","protected":false},"excerpt":{"rendered":"<p>Minha formatura foi maravilhosa! Meus filhos, nora e netos foram \u00e0 cerim\u00f4nia e, alegremente pulavam e acenavam para mim! Adorei tudo! Todos tiramos fotos , &hellip; <\/p>\n","protected":false},"author":1,"featured_media":2305,"parent":0,"menu_order":0,"comment_status":"closed","ping_status":"closed","template":"","meta":{"_coblocks_attr":"","_coblocks_dimensions":"","_coblocks_responsive_height":"","_coblocks_accordion_ie_support":"","_monsterinsights_skip_tracking":false,"_monsterinsights_sitenote_active":false,"_monsterinsights_sitenote_note":"","_monsterinsights_sitenote_category":0,"footnotes":""},"class_list":["post-2423","page","type-page","status-publish","has-post-thumbnail","hentry","latest_post"],"aioseo_notices":[],"_links":{"self":[{"href":"https:\/\/quasepedagogico.com.br\/site2\/wp-json\/wp\/v2\/pages\/2423","targetHints":{"allow":["GET"]}}],"collection":[{"href":"https:\/\/quasepedagogico.com.br\/site2\/wp-json\/wp\/v2\/pages"}],"about":[{"href":"https:\/\/quasepedagogico.com.br\/site2\/wp-json\/wp\/v2\/types\/page"}],"author":[{"embeddable":true,"href":"https:\/\/quasepedagogico.com.br\/site2\/wp-json\/wp\/v2\/users\/1"}],"replies":[{"embeddable":true,"href":"https:\/\/quasepedagogico.com.br\/site2\/wp-json\/wp\/v2\/comments?post=2423"}],"version-history":[{"count":2,"href":"https:\/\/quasepedagogico.com.br\/site2\/wp-json\/wp\/v2\/pages\/2423\/revisions"}],"predecessor-version":[{"id":2425,"href":"https:\/\/quasepedagogico.com.br\/site2\/wp-json\/wp\/v2\/pages\/2423\/revisions\/2425"}],"wp:featuredmedia":[{"embeddable":true,"href":"https:\/\/quasepedagogico.com.br\/site2\/wp-json\/wp\/v2\/media\/2305"}],"wp:attachment":[{"href":"https:\/\/quasepedagogico.com.br\/site2\/wp-json\/wp\/v2\/media?parent=2423"}],"curies":[{"name":"wp","href":"https:\/\/api.w.org\/{rel}","templated":true}]}}