{"id":2463,"date":"2021-12-17T11:39:45","date_gmt":"2021-12-17T11:39:45","guid":{"rendered":"http:\/\/quasepedagogico.com.br\/site2\/?page_id=2463"},"modified":"2025-03-10T18:09:03","modified_gmt":"2025-03-10T18:09:03","slug":"de-la-para-ca","status":"publish","type":"page","link":"https:\/\/quasepedagogico.com.br\/site2\/de-la-para-ca\/","title":{"rendered":"De l\u00e1 para Ca"},"content":{"rendered":"<h3><strong>Da Flor\u00eancio para a Eucaliptos<\/strong><\/h3>\n<p><img fetchpriority=\"high\" decoding=\"async\" class=\"wp-image-363 alignleft\" src=\"http:\/\/quasepedagogico.com.br\/site2\/wp-content\/uploads\/2019\/06\/Carta-23-maio-2-4.jpg\" alt=\"\" width=\"331\" height=\"403\" srcset=\"https:\/\/quasepedagogico.com.br\/site2\/wp-content\/uploads\/2019\/06\/Carta-23-maio-2-4.jpg 600w, https:\/\/quasepedagogico.com.br\/site2\/wp-content\/uploads\/2019\/06\/Carta-23-maio-2-4-246x300.jpg 246w, https:\/\/quasepedagogico.com.br\/site2\/wp-content\/uploads\/2019\/06\/Carta-23-maio-2-4-49x60.jpg 49w\" sizes=\"(max-width: 331px) 100vw, 331px\" \/><\/p>\n<p>Meu av\u00f4, em sua carta de 23 de maio de 1932, descreve sua sa\u00edda do escrit\u00f3rio, rumo \u00e0 sua casa, passando por uma cidade convulsionada pelo in\u00edcio da Revolu\u00e7\u00e3o de 32.<\/p>\n<p>Ele sai da R. Flor\u00eancio de Abreu e espera um \u201ccamar\u00e3o\u201d. Fiquei interessada como seria esse tal de \u201ccamar\u00e3o\u201d, at\u00e9 porque eu me lembro de ter andado num bonde desse tipo em S\u00e3o Vicente quando eu era ainda uma garota. Tenho a impress\u00e3o que era apenas para passeios tur\u00edsticos, n\u00e3o mais linhas regulares.<\/p>\n<p>Naquela hora e momento n\u00e3o havia nenhum meio de transporte dispon\u00edvel e assim meu av\u00f4 foi andando at\u00e9 o Largo S\u00e3o Bento, onde o bonde teve o trajeto interrompido pela aglomera\u00e7\u00e3o na pra\u00e7a do Patriarca, que impedia a passagem de todos os bondes da Vila Mariana, que faziam ponto final em S\u00e3o Bento, cujo largo contornavam para voltar \u00e0 Ponte Grande. Esta linha Vila Mariana \u2013 Ponte Grande existia desde 1920, e pelo seu trajeto pode ser considerada a base do projeto da linha Norte-Sul do Metr\u00f4.<\/p>\n<p><img decoding=\"async\" class=\"wp-image-364 alignleft\" src=\"http:\/\/quasepedagogico.com.br\/site2\/wp-content\/uploads\/2019\/06\/basilica-de-sao-bento-3.jpg\" alt=\"\" width=\"332\" height=\"240\" srcset=\"https:\/\/quasepedagogico.com.br\/site2\/wp-content\/uploads\/2019\/06\/basilica-de-sao-bento-3.jpg 600w, https:\/\/quasepedagogico.com.br\/site2\/wp-content\/uploads\/2019\/06\/basilica-de-sao-bento-3-300x217.jpg 300w, https:\/\/quasepedagogico.com.br\/site2\/wp-content\/uploads\/2019\/06\/basilica-de-sao-bento-3-83x60.jpg 83w\" sizes=\"(max-width: 332px) 100vw, 332px\" \/><\/p>\n\n\n<p><\/p>\n\n\n\n<p><\/p>\n\n\n\n<p><\/p>\n\n\n\n<p><\/p>\n\n\n\n<p><\/p>\n\n\n\n<p>Largo S\u00e3o Bento<\/p>\n\n\n\n<p>Foi andando pela L\u00edbero Badar\u00f3 e Jos\u00e9 Bonif\u00e1cio, chegou \u00e0 Pra\u00e7a da S\u00e9 onde um \u201ccamar\u00e3o\u201d da linha IH j\u00e1 se mexia , com destino \u00e0 Av. dos Eucaliptos, seu ponto de chegada<\/p>\n\n\n\n<p>O nome L\u00edbero Badar\u00f3 \u00e9 uma homenagem ao m\u00e9dico italiano Jo\u00e3o Batista Badar\u00f3 e seu apelido de \u201cL\u00edbero\u201d, por defender ideias liberais. Fundou o jornal \u201cObservador Constitucional\u201d e foi assassinado por suas ideias ,\u00e0 porta de sua casa e antes de morrer disse: \u201dMorre um liberal, mas n\u00e3o morre a liberdade\u201d, frase esta escrita em seu t\u00famulo, no Cemit\u00e9rio da Consola\u00e7\u00e3o, em 1830.<\/p>\n\n\n\n<p>A Jos\u00e9 Bonif\u00e1cio , antes tamb\u00e9m chamada rua da Cadeia Velha e de outros nomes de pol\u00edticos a serem homenageados , at\u00e9 que o nome de Jos\u00e9 Bonif\u00e1cio, o Mo\u00e7o foi o escolhido, j\u00e1 que ele tinha sido atuante na C\u00e2mara dos Deputados. Era sobrinho de Jos\u00e9 Bonif\u00e1cio, o Patriarca da Independ\u00eancia.<\/p>\n\n\n\n<p>Quantas pessoas not\u00e1veis emprestam seus nomes \u00e0s ruas de S\u00e3o Paulo. Seria para lembrarmos de gente bacana?Talvez, mas n\u00e3o temos tanta gente bacana assim, para se lembrar deles e copiar suas posturas!<\/p>\n\n\n\n<p>A \u00e1rea da Pra\u00e7a da S\u00e9 foi cedida por Martim Afonso de Souza para a constru\u00e7\u00e3o da cidade de S\u00e3o Paulo. L\u00e1 foi colocado o marco zero, e construida uma igreja matriz. Muitas constru\u00e7\u00f5es foram sendo erguidas e demolidas com essa finalidade, at\u00e9 que a \u00faltima igreja, hist\u00f3rica e linda, demolida em 1911, deu lugar ao atual projeto, que ao meu ver \u00e9 horr\u00edvel, longe de nossas ra\u00edzes arquitet\u00f4nicas paulistas e brasileiras. A atual igreja foi projetada por Maximiliano Hehl, em estilo g\u00f3tico. Foi inaugurada em 1954, ano do quarto centen\u00e1rio da cidade. Com tantos arquitetos brasileiros maravilhosos, premiados na Europa e Estados Unidos,conseguimos erigir um marco de um mau gosto infernal! N\u00e3o d\u00e1 para acreditar!<\/p>\n\n\n\n<p>Foi l\u00e1 , na pra\u00e7a, que meu av\u00f4 pegou o \u201ccamar\u00e3o, rumo \u00e0 sua casa.<\/p>\n\n\n\n<p>O primeiro bonde el\u00e9trico de S\u00e3o Paulo circulou em 1902 e partia do Largo S\u00e3o Bento e ia at\u00e9 a Ch\u00e1cara do Carvalho na Barra Funda . Nessa \u00e9poca esse ve\u00edculo n\u00e3o trafegava \u00e0 noite, pois era muito perigoso. \u00c9, j\u00e1 nessa \u00e9poca, meu Deus!<\/p>\n\n\n\n<p>Os bondes el\u00e9tricos circulavam ao lado de bondes velhos reaproveitados , que por falta de manuten\u00e7\u00e3o n\u00e3o funcionavam e foram sendo abandonados. Em 1927, foram incorporados \u00e0 frota um bonde fechado, chamado de \u201cCamar\u00e3o\u201d, t\u00edpico da cidade de S\u00e3o Paulo. Por ser fechado, impedia a sa\u00edda dos passageiros sem pagar. Nos bondes abertos muitas pessoas entravam e sa\u00edam do bonde pelos lados , fugindo do cobrador!<\/p>\n\n\n\n<p><a href=\"http:\/\/www.quasepedagogico.com.br\/wp-content\/uploads\/2017\/07\/Bonde-1935.jpg\"><\/a><\/p>\n\n\n<p><img decoding=\"async\" class=\"wp-image-2323 alignleft\" src=\"http:\/\/quasepedagogico.com.br\/site2\/wp-content\/uploads\/2021\/12\/32-De-la-para-ca-1-3-1.jpg\" alt=\"\" width=\"419\" height=\"284\" srcset=\"https:\/\/quasepedagogico.com.br\/site2\/wp-content\/uploads\/2021\/12\/32-De-la-para-ca-1-3-1.jpg 640w, https:\/\/quasepedagogico.com.br\/site2\/wp-content\/uploads\/2021\/12\/32-De-la-para-ca-1-3-1-300x203.jpg 300w, https:\/\/quasepedagogico.com.br\/site2\/wp-content\/uploads\/2021\/12\/32-De-la-para-ca-1-3-1-88x60.jpg 88w\" sizes=\"(max-width: 419px) 100vw, 419px\" \/><\/p>\n<p>Nesta \u00e9poca o bairro de Moema era tranquilo com apenas com\u00e9rcio local. Um bondinho ia pelo centro da Av. Ibirapuera e demorava mais ou menos\u00a0\u00a0 20 minutos da Vila Mariana ao Largo Treze de Maio . N\u00e3o havia movimento, pois Santo Amaro era apenas um munic\u00edpio que s\u00f3 foi incorporado \u00e0 S\u00e3o Paulo em 1935.<\/p>\n<p>Estou seguindo um caminho imagin\u00e1rio da Pra\u00e7a da S\u00e9 at\u00e9 a Av. dos Eucaliptos, pois imagino que nada em 1932 se parecesse com a Av. 23 de maio atual (s\u00f3 o nome da Revolu\u00e7\u00e3o). Neste trajeto , h\u00e1 marcos da nossa cidade, que est\u00e3o bem preservados. O comecinho do que seria o parque do Ibirapuera, devemos a Manuel Lopes de Oliveira, o Manequinho Lopes, em 1927. Funcion\u00e1rio da Prefeitura transformou uma \u00e1rea alagadi\u00e7a em uma regi\u00e3o cultivada e come\u00e7ou a plantar dezenas de eucaliptos e plantas ex\u00f3ticas. Hoje \u00e9 o viveiro da Prefeitura que arboriza ruas e pra\u00e7as de S\u00e3o Paulo.<\/p>\n<p>Nunca pensei que o Manequinho Lopes tivesse essa cara, essa barba!!!!<\/p>\n<p>Bem pr\u00f3ximo do Viveiro, do outro lado da Avenida 23 de Maio, est\u00e1 um pr\u00e9dio projetado por Oscar Niemeyer onde era o antigo Detran, e agora abriga o Museu de Arte Contempor\u00e2nea da Universidade de S\u00e3o Paulo, o MAC. Este museu \u00e9 formado, basicamente, pelas doa\u00e7\u00f5es de Francisco Matarazzo Sobrinho, de sua mulher Yolanda Matarazzo, e ainda de um aporte do Museu de Arte Moderna, e hoje possui cerca de 10 mil obras de Picasso, Matisse, Mir\u00f3, Tarsila, Volpi e muitos outros artistas dessa import\u00e2ncia.<\/p>\n<p>Estamos mais perto da casa do meu av\u00f4<\/p>\n<p>Uma das paradas do bonde, no bairro de Indian\u00e1polis, chamava-se \u201cMoema\u201d, corruptela do nome ind\u00edgena Mo-em, que significa \u201cAurora\u201d.<\/p>\n<p>At\u00e9 1930 o bairro possu\u00eda apenas a pequena capela dedicada a Santa Rita, que media 50 metros quadrados e abria\u00a0 suas portas somente aos domingos. Insatisfeito com a situa\u00e7\u00e3o,\u00a0 Raul Loureiro, cuja mulher, Dona Antonieta, era devota da de Nossa Senhora Aparecida, lutou pela constru\u00e7\u00e3o da Igreja e da pra\u00e7a ao seu redor. A pedra fundamental foi lan\u00e7ada em 26 de mar\u00e7o de 1933.\u00a0 A inaugura\u00e7\u00e3o definitiva foi feita no dia 15 de agosto de 1941, dia de Nossa Senhora da Gl\u00f3ria.<\/p>\n<p>Em 1934 o bairro contava com 7.492 habitantes, em 1940 com 10.790 habitantes, em 1950 com 28.710 habitantes, e em 1963 com 64.872 habitantes.\u00a0O grande per\u00edodo de crescimento de Moema come\u00e7ou no fim dos anos 70, com a constru\u00e7\u00e3o do Shopping Ibirapuera.\u00a0O com\u00e9rcio atraiu muitas pessoas para a regi\u00e3o nesta ocasi\u00e3o.<\/p>\n<p>Com o crescimento das ind\u00fastrias do bairro, atraindo grande n\u00famero de imigrantes de diversas partes da Europa Central, principalmente alem\u00e3es e austr\u00edacos. Havia 4.000 habitantes nesta \u00e9poca.<\/p>\n<p>Foram constru\u00eddas v\u00e1rias casas oper\u00e1rias e muitas vilas oper\u00e1rias. Muitas dessas casas\u00a0eram pr\u00e9-fabricadas,\u00a0trazidas da Inglaterra, por oper\u00e1rios da ferrovia, por volta de 1895.<\/p>\n<p>Foi daqui que meu av\u00f4, aflito, se arrumou logo depois de jantar, para voltar \u00e0 cidade, curioso estava em saber o que tinha acontecido \u00a0e \u201cespiar\u201d o estava acontecendo.<\/p>\n<p>A esta\u00e7\u00e3o do Metr\u00f4 neste lugar de hoje em dia, iria se chamar\u00a0<em>Ibirapuera<\/em>, mas o nome da esta\u00e7\u00e3o foi mudado para Esta\u00e7\u00e3o Eucaliptos por ser original e o nome fazer hist\u00f3ria do bairro.<\/p>\n<p>Esta\u00e7\u00e3o Eucaliptos, a ser inaugurada um dezembro de 2017.<\/p>\n<p>Eu acredito! Foi promessa de pol\u00edtico!!!<\/p>\n<h3>Prezados leitores,<\/h3>\n<p>N\u00e3o gosto de escrever textos muito compridos porque acho que desanima, d\u00e1 pregui\u00e7a. Mas tem uns assuntos que eu acho muito interessantes, que saem maiores do que eu queria. A\u00ed, penso: ningu\u00e9m \u00e9 obrigado a ler, e eu n\u00e3o vou ficar sabendo!!<\/p>\n<p>Por isso resolvi colocar mais um t\u00f3pico, que eu acho bem importante que \u00e9 o Instituto Biol\u00f3gico.<\/p>\n<p>O\u00a0Instituto Biol\u00f3gico\u00a0(IB) \u00e9 um centro de pesquisa voltado \u00e0 produ\u00e7\u00e3o, difus\u00e3o e transfer\u00eancia de\u00a0<a href=\"https:\/\/pt.wikipedia.org\/wiki\/Tecnologia\">tecnologias<\/a>\u00a0e\u00a0<a href=\"https:\/\/pt.wikipedia.org\/wiki\/Conhecimento_cient%C3%ADfico\">conhecimento cient\u00edfico<\/a>\u00a0nas \u00e1reas de\u00a0<a href=\"https:\/\/pt.wikipedia.org\/wiki\/Agroneg%C3%B3cio\">agroneg\u00f3cio<\/a>,\u00a0<a href=\"https:\/\/pt.wikipedia.org\/wiki\/Biosseguran%C3%A7a\">biosseguran\u00e7a<\/a>\u00a0e outras atividades.Fica perto do\u00a0<a href=\"https:\/\/pt.wikipedia.org\/wiki\/Parque_do_Ibirapuera\">Parque do Ibirapuera<\/a>. O Instituto foi criado em\u00a0<a href=\"https:\/\/pt.wikipedia.org\/wiki\/1927\">1927<\/a>, e hoje dia \u00a0e, atualmente, \u00e9 um dos principais centros de forma\u00e7\u00e3o de cientistas do estado, com forte atua\u00e7\u00e3o na \u00e1rea de\u00a0<a href=\"https:\/\/pt.wikipedia.org\/wiki\/P%C3%B3s-gradua%C3%A7%C3%A3o\">p\u00f3s-gradua\u00e7\u00e3o<\/a>.<\/p>\n<p>Faz tempo, n\u00f3s tivemos um problema de uma doen\u00e7a esquisit\u00edssima com algumas cabe\u00e7as de gado, na fazenda. Meu irm\u00e3o e eu fomos l\u00e1, \u00e9 um lugar austero, e fomos muito bem atendidos e nosso problema resolvido! Que bom que esta institui\u00e7\u00e3o ainda funciona bem, nessa \u00e9poca de tantos descalabros!<\/p>\n<p><img loading=\"lazy\" decoding=\"async\" class=\"aligncenter  wp-image-367\" src=\"http:\/\/quasepedagogico.com.br\/site2\/wp-content\/uploads\/2019\/06\/Instituto-Biologico-3.jpg\" alt=\"\" width=\"343\" height=\"343\" srcset=\"https:\/\/quasepedagogico.com.br\/site2\/wp-content\/uploads\/2019\/06\/Instituto-Biologico-3.jpg 600w, https:\/\/quasepedagogico.com.br\/site2\/wp-content\/uploads\/2019\/06\/Instituto-Biologico-3-300x300.jpg 300w, https:\/\/quasepedagogico.com.br\/site2\/wp-content\/uploads\/2019\/06\/Instituto-Biologico-3-150x150.jpg 150w, https:\/\/quasepedagogico.com.br\/site2\/wp-content\/uploads\/2019\/06\/Instituto-Biologico-3-60x60.jpg 60w\" sizes=\"(max-width: 343px) 100vw, 343px\" \/><\/p>\n<p>Refer\u00eancias:<\/p>\n<p>PORTO, Ant\u00f4nio Rodrigues. Hist\u00f3ria da Cidade de S\u00e3o Paulo: 1997, S\u00e3o Paulo, 3\u00aadi\u00e7\u00e3o:Ed. Carthago<\/p>\n<p>parqueibirapuera.org\/equipamentos-parque-ibirapuera\/viveiro-manequinho-Lopes\/<br \/>parqueibirapuera.org\/equipamentos-parque\u2026\/museu-de-arte-contemporania-mac-usp\/<br \/>www.mac.usp.br\/<br \/>aparecidamoema.org\/<\/p>\n<p>\u00a0<\/p>\n\n\n<figure class=\"wp-block-embed is-type-video is-provider-youtube wp-block-embed-youtube wp-embed-aspect-4-3 wp-has-aspect-ratio\"><div class=\"wp-block-embed__wrapper\">\n<iframe title=\"Par\u00f3quia Nossa Senhora Aparecida, Bairro de Moema, S\u00e3o Paulo-SP\" width=\"790\" height=\"593\" src=\"https:\/\/www.youtube.com\/embed\/PnxCir2RHKw?feature=oembed\" frameborder=\"0\" allow=\"accelerometer; autoplay; clipboard-write; encrypted-media; gyroscope; picture-in-picture\" allowfullscreen><\/iframe>\n<\/div><\/figure>\n","protected":false},"excerpt":{"rendered":"<p>Da Flor\u00eancio para a Eucaliptos Meu av\u00f4, em sua carta de 23 de maio de 1932, descreve sua sa\u00edda do escrit\u00f3rio, rumo \u00e0 sua casa, &hellip; <\/p>\n","protected":false},"author":1,"featured_media":2323,"parent":0,"menu_order":0,"comment_status":"open","ping_status":"closed","template":"","meta":{"_coblocks_attr":"","_coblocks_dimensions":"","_coblocks_responsive_height":"","_coblocks_accordion_ie_support":"","_monsterinsights_skip_tracking":false,"_monsterinsights_sitenote_active":false,"_monsterinsights_sitenote_note":"","_monsterinsights_sitenote_category":0,"footnotes":""},"class_list":["post-2463","page","type-page","status-publish","has-post-thumbnail","hentry","latest_post"],"aioseo_notices":[],"_links":{"self":[{"href":"https:\/\/quasepedagogico.com.br\/site2\/wp-json\/wp\/v2\/pages\/2463","targetHints":{"allow":["GET"]}}],"collection":[{"href":"https:\/\/quasepedagogico.com.br\/site2\/wp-json\/wp\/v2\/pages"}],"about":[{"href":"https:\/\/quasepedagogico.com.br\/site2\/wp-json\/wp\/v2\/types\/page"}],"author":[{"embeddable":true,"href":"https:\/\/quasepedagogico.com.br\/site2\/wp-json\/wp\/v2\/users\/1"}],"replies":[{"embeddable":true,"href":"https:\/\/quasepedagogico.com.br\/site2\/wp-json\/wp\/v2\/comments?post=2463"}],"version-history":[{"count":2,"href":"https:\/\/quasepedagogico.com.br\/site2\/wp-json\/wp\/v2\/pages\/2463\/revisions"}],"predecessor-version":[{"id":2465,"href":"https:\/\/quasepedagogico.com.br\/site2\/wp-json\/wp\/v2\/pages\/2463\/revisions\/2465"}],"wp:featuredmedia":[{"embeddable":true,"href":"https:\/\/quasepedagogico.com.br\/site2\/wp-json\/wp\/v2\/media\/2323"}],"wp:attachment":[{"href":"https:\/\/quasepedagogico.com.br\/site2\/wp-json\/wp\/v2\/media?parent=2463"}],"curies":[{"name":"wp","href":"https:\/\/api.w.org\/{rel}","templated":true}]}}