{"id":595,"date":"2021-12-09T16:47:57","date_gmt":"2021-12-09T16:47:57","guid":{"rendered":"http:\/\/quasepedagogico.com.br\/site2\/?page_id=595"},"modified":"2021-12-14T17:41:57","modified_gmt":"2021-12-14T17:41:57","slug":"sobre","status":"publish","type":"page","link":"https:\/\/quasepedagogico.com.br\/site2\/sobre\/","title":{"rendered":"Primeira P\u00e1gina"},"content":{"rendered":"\n<p><\/p>\n\n\n<p>Tive uma professora, no final da faculdade, que me fez ver algumas caracter\u00edsticas do meu jeit\u00e3o de ser. Fiquei surpresa e tamb\u00e9m meio sem gra\u00e7a, porque o sentido de \u201ccaracter\u00edsticas\u201d era \u201cqualidades\u201d mas resolvi aceitar seu palpite e fazer um blog. \u00c9 este aqui, prof. Ros\u00e2ngela!<br data-rich-text-line-break=\"true\" \/>O nome Quase Pedag\u00f3gico, foi sugerido pela minha contadora de S\u00e3o Manuel. Juntas demos muitas risadas, pois n\u00e3o imagin\u00e1vamos que uma pessoa que vive de c\u00e1lculos possa criar um nome-t\u00edtulo, apropriado, bonito e at\u00e9 po\u00e9tico. Mas deu certo, n\u00e3o \u00e9 mesmo, Mirna?<br data-rich-text-line-break=\"true\" \/>Professor \u00e9 professor, e os de inform\u00e1tica, ent\u00e3o, s\u00e3o santos. O meu, xar\u00e1, chegou ao n\u00edvel da beatifica\u00e7\u00e3o!<br data-rich-text-line-break=\"true\" \/>O resto, agora, \u00e9 comigo.<br data-rich-text-line-break=\"true\" \/>Vamos l\u00e1!<\/p>","protected":false},"excerpt":{"rendered":"<p>Tive uma professora, no final da faculdade, que me fez ver algumas caracter\u00edsticas do meu jeit\u00e3o de ser. Fiquei surpresa e tamb\u00e9m meio sem gra\u00e7a, &hellip; <\/p>\n","protected":false},"author":1,"featured_media":2272,"parent":0,"menu_order":0,"comment_status":"closed","ping_status":"closed","template":"","meta":{"_coblocks_attr":"","_coblocks_dimensions":"","_coblocks_responsive_height":"","_coblocks_accordion_ie_support":"","_monsterinsights_skip_tracking":false,"_monsterinsights_sitenote_active":false,"_monsterinsights_sitenote_note":"","_monsterinsights_sitenote_category":0,"footnotes":""},"class_list":["post-595","page","type-page","status-publish","has-post-thumbnail","hentry","latest_post"],"aioseo_notices":[],"_links":{"self":[{"href":"https:\/\/quasepedagogico.com.br\/site2\/wp-json\/wp\/v2\/pages\/595","targetHints":{"allow":["GET"]}}],"collection":[{"href":"https:\/\/quasepedagogico.com.br\/site2\/wp-json\/wp\/v2\/pages"}],"about":[{"href":"https:\/\/quasepedagogico.com.br\/site2\/wp-json\/wp\/v2\/types\/page"}],"author":[{"embeddable":true,"href":"https:\/\/quasepedagogico.com.br\/site2\/wp-json\/wp\/v2\/users\/1"}],"replies":[{"embeddable":true,"href":"https:\/\/quasepedagogico.com.br\/site2\/wp-json\/wp\/v2\/comments?post=595"}],"version-history":[{"count":29,"href":"https:\/\/quasepedagogico.com.br\/site2\/wp-json\/wp\/v2\/pages\/595\/revisions"}],"predecessor-version":[{"id":2422,"href":"https:\/\/quasepedagogico.com.br\/site2\/wp-json\/wp\/v2\/pages\/595\/revisions\/2422"}],"wp:featuredmedia":[{"embeddable":true,"href":"https:\/\/quasepedagogico.com.br\/site2\/wp-json\/wp\/v2\/media\/2272"}],"wp:attachment":[{"href":"https:\/\/quasepedagogico.com.br\/site2\/wp-json\/wp\/v2\/media?parent=595"}],"curies":[{"name":"wp","href":"https:\/\/api.w.org\/{rel}","templated":true}]}}